{"id":8582,"date":"2024-02-06T16:13:57","date_gmt":"2024-02-06T15:13:57","guid":{"rendered":"https:\/\/www.comaplex-plastique.fr\/productos\/"},"modified":"2024-09-02T11:43:24","modified_gmt":"2024-09-02T09:43:24","slug":"productos","status":"publish","type":"page","link":"https:\/\/www.comaplex-plastique.fr\/es\/productos\/","title":{"rendered":"Productos"},"content":{"rendered":"<div class=\"wpb-content-wrapper\"><p>[vc_row full_width=\u00bbstretch_row_content\u00bb css=\u00bb.vc_custom_1711103769679{padding-bottom: 20px !important;}\u00bb][vc_column css=\u00bb.vc_custom_1695393385700{padding-top: 0px !important;padding-bottom: 0px !important;}\u00bb][vc_column_text css_animation=\u00bbbounceIn\u00bb css=\u00bb.vc_custom_1711110477453{padding-top: 50px !important;padding-right: 10px !important;padding-bottom: 50px !important;padding-left: 10px !important;}\u00bb]<img loading=\"lazy\" decoding=\"async\" class=\"size-medium wp-image-8663 aligncenter\" src=\"https:\/\/www.comaplex-plastique.fr\/wp-content\/uploads\/2019\/07\/COMAPLEX-EdgeLess-360x127-1-300x106.png\" alt=\"Comaplex\u00ae Plastiques\" width=\"300\" height=\"106\" srcset=\"https:\/\/www.comaplex-plastique.fr\/wp-content\/uploads\/2019\/07\/COMAPLEX-EdgeLess-360x127-1-300x106.png 300w, https:\/\/www.comaplex-plastique.fr\/wp-content\/uploads\/2019\/07\/COMAPLEX-EdgeLess-360x127-1.png 360w\" sizes=\"auto, (max-width: 300px) 100vw, 300px\" \/><\/p>\n<h1 style=\"text-align: center;\"><span style=\"color: #ff0000;\">Comaplex Pl\u00e1sticos <\/span><span style=\"color: #333333;\">dispone de 4 marcas propias<br \/>\nproductos estrella de su gama industrial:<\/span><\/h1>\n<p>[\/vc_column_text][vc_row_inner css=\u00bb.vc_custom_1710851337958{padding-top: 0px !important;padding-bottom: 0px !important;background-image: url(https:\/\/www.comaplex-plastique.fr\/wp-content\/uploads\/2024\/03\/GreyRed-Range.jpg?id=9614) !important;background-position: center !important;background-repeat: no-repeat !important;background-size: cover !important;}\u00bb][vc_column_inner width=\u00bb1\/2&#8243; css=\u00bb.vc_custom_1710489011214{background-image: url(https:\/\/www.comaplex-plastique.fr\/wp-content\/uploads\/2024\/03\/BG-Grey2024-scaled.jpg?id=9457) !important;background-position: center !important;background-repeat: no-repeat !important;background-size: cover !important;}\u00bb][vc_column_text css_animation=\u00bbbounceIn\u00bb css=\u00bb.vc_custom_1709628904276{padding-top: 20px !important;padding-right: 10px !important;padding-bottom: 20px !important;padding-left: 10px !important;}\u00bb]<\/p>\n<h1 style=\"text-align: center;\"><span style=\"color: #ffffff;\">Mecanizado y termoformado de pl\u00e1sticos<\/span><\/h1>\n<p>[\/vc_column_text][vc_single_image image=\u00bb11031&#8243; img_size=\u00bbfull\u00bb alignment=\u00bbcenter\u00bb onclick=\u00bbcustom_link\u00bb css=\u00bb.vc_custom_1725270056002{padding-top: 10px !important;padding-bottom: 20px !important;}\u00bb link=\u00bbhttps:\/\/www.comaplex-plastique.fr\/realisations-thermoplastiques\/galerie-de-pieces-plastiques-usinees\/\u00bb][vc_column_text css=\u00bb.vc_custom_1709571438241{padding-top: 10px !important;padding-bottom: 20px !important;}\u00bb]<\/p>\n<p style=\"text-align: center;\"><span style=\"color: #ffffff;\">Producci\u00f3n de piezas y subconjuntos termopl\u00e1sticos a medida con equipos de producci\u00f3n de alto rendimiento y de \u00faltima generaci\u00f3n.<\/span><\/p>\n<p style=\"text-align: center;\"><span style=\"color: #ffffff;\">\u2666\u2666\u2666 Centros de mecanizado CNC de 3,4 y 5 ejes \u2666\u2666\u2666\u2666.<\/span><\/p>\n<p style=\"text-align: center;\"><span style=\"color: #ffffff;\">\u2666\u2666\u2666 Corte por l\u00e1ser, plegado, soldadura \u2666\u2666\u2666\u2666<\/span><\/p>\n<p>[\/vc_column_text][\/vc_column_inner][vc_column_inner width=\u00bb1\/2&#8243; css=\u00bb.vc_custom_1710489103352{background-image: url(https:\/\/www.comaplex-plastique.fr\/wp-content\/uploads\/2024\/03\/BG-red2024-scaled.jpg?id=9461) !important;background-position: center !important;background-repeat: no-repeat !important;background-size: cover !important;}\u00bb][vc_column_text css_animation=\u00bbbounceIn\u00bb css=\u00bb.vc_custom_1709628837577{padding-top: 10px !important;padding-right: 10px !important;padding-bottom: 20px !important;padding-left: 10px !important;}\u00bb]<\/p>\n<h1 style=\"text-align: center;\"><span style=\"color: #ffffff;\">Dep\u00f3sitos de pl\u00e1stico<\/span><\/h1>\n<p>[\/vc_column_text][vc_single_image image=\u00bb11071&#8243; img_size=\u00bbfull\u00bb alignment=\u00bbcenter\u00bb onclick=\u00bbcustom_link\u00bb css=\u00bb.vc_custom_1725270091285{padding-top: 10px !important;padding-bottom: 20px !important;}\u00bb link=\u00bbhttps:\/\/www.comaplex-plastique.fr\/realisations-thermoplastiques\/galerie-de-produits-de-chaudronnerie-plastique\/\u00bb][vc_column_text css=\u00bb.vc_custom_1710489445423{padding-top: 10px !important;padding-bottom: 20px !important;}\u00bb]<\/p>\n<p style=\"text-align: center;\"><span style=\"color: #ffffff;\">Fabricaci\u00f3n a medida de dep\u00f3sitos termopl\u00e1sticos y tuber\u00edas.<\/span><\/p>\n<p style=\"text-align: center;\"><span style=\"color: #ffffff;\">Soluciones completas de purificaci\u00f3n del aire<\/span><\/p>\n<p style=\"text-align: center;\"><span style=\"color: #ffffff;\">Tratamiento de efluentes gaseosos \u2666\u2666\u2666\u2666<\/span><\/p>\n<p>[\/vc_column_text][\/vc_column_inner][\/vc_row_inner][vc_row_inner css=\u00bb.vc_custom_1710851382678{padding-top: 0px !important;padding-bottom: 0px !important;background-image: url(https:\/\/www.comaplex-plastique.fr\/wp-content\/uploads\/2024\/03\/RedGrey-Range-1.jpg?id=9626) !important;background-position: center !important;background-repeat: no-repeat !important;background-size: cover !important;}\u00bb][vc_column_inner width=\u00bb1\/2&#8243; css=\u00bb.vc_custom_1710489241848{background-image: url(https:\/\/www.comaplex-plastique.fr\/wp-content\/uploads\/2024\/03\/BG-FullRed2024-scaled.jpg?id=9470) !important;background-position: center !important;background-repeat: no-repeat !important;background-size: cover !important;}\u00bb][vc_column_text css_animation=\u00bbbounceIn\u00bb css=\u00bb.vc_custom_1709628785740{padding-top: 10px !important;padding-right: 10px !important;padding-bottom: 20px !important;padding-left: 10px !important;}\u00bb]<\/p>\n<h1 style=\"text-align: center;\"><span style=\"color: #ffffff;\">Cristales de seguridad<\/span><\/h1>\n<p>[\/vc_column_text][vc_single_image image=\u00bb11011&#8243; img_size=\u00bbfull\u00bb alignment=\u00bbcenter\u00bb onclick=\u00bbcustom_link\u00bb css=\u00bb.vc_custom_1725270137457{padding-top: 10px !important;padding-bottom: 20px !important;}\u00bb link=\u00bbhttps:\/\/www.comaplex-plastique.fr\/realisations-thermoplastiques\/galerie-vitrages-de-securite-en-polycarbonate-et-protections-pour-vehicules\/\u00bb][vc_column_text css=\u00bb.vc_custom_1711110519250{padding-top: 10px !important;padding-bottom: 20px !important;}\u00bb]<\/p>\n<div class=\"wp-block-column is-layout-flow wp-block-column-is-layout-flow\">\n<p style=\"text-align: center;\"><span style=\"color: #ffffff;\"><strong>Comaplex Pl\u00e1sticos<\/strong> fabrica y comercializa su propia marca de acristalamiento de seguridad de policarbonato <strong>Flexigard\u00ae<\/strong>.<\/span><\/p>\n<p style=\"text-align: center;\"><span style=\"color: #ffffff;\">\u2666\u2666\u2666 Resistencia excepcional \u2666\u2666\u2666\u2666<\/span><\/p>\n<p style=\"text-align: center;\"><span style=\"color: #ffffff;\"><strong>Combinaci\u00f3n de las prestaciones visuales del vidrio con la ligereza de los termopl\u00e1sticos.<\/strong><\/span><\/p>\n<p style=\"text-align: center;\"><span style=\"color: #ffffff;\">\u2666\u2666\u2666 Fabricaci\u00f3n por termoformado y mecanizado CNC \u2666\u2666\u2666\u2666.<\/span><\/p>\n<\/div>\n<p>[\/vc_column_text][\/vc_column_inner][vc_column_inner width=\u00bb1\/2&#8243; css=\u00bb.vc_custom_1710489061619{background-image: url(https:\/\/www.comaplex-plastique.fr\/wp-content\/uploads\/2024\/03\/BG-Grey2024-scaled.jpg?id=9457) !important;background-position: center !important;background-repeat: no-repeat !important;background-size: cover !important;}\u00bb][vc_column_text css_animation=\u00bbbounceIn\u00bb css=\u00bb.vc_custom_1709628866761{padding-top: 20px !important;padding-right: 10px !important;padding-bottom: 20px !important;padding-left: 10px !important;}\u00bb]<\/p>\n<h1 style=\"text-align: center;\"><span style=\"color: #ffffff;\">M\u00e1scaras separadoras y espaciadoras<\/span><\/h1>\n<p>[\/vc_column_text][vc_single_image image=\u00bb11051&#8243; img_size=\u00bbfull\u00bb alignment=\u00bbcenter\u00bb onclick=\u00bbcustom_link\u00bb css=\u00bb.vc_custom_1725270184340{padding-top: 10px !important;padding-bottom: 20px !important;}\u00bb link=\u00bbhttps:\/\/www.comaplex-plastique.fr\/realisations-thermoplastiques\/galerie-masques-separateurs-et-ecarteurs-resoflex\/\u00bb][vc_column_text css=\u00bb.vc_custom_1711110571381{padding-top: 10px !important;padding-bottom: 20px !important;}\u00bb]<\/p>\n<p style=\"text-align: center;\"><span style=\"color: #ffffff;\"><strong>Comaplex Pl\u00e1sticos<\/strong> fabrica y comercializa sus \u00ab<strong>M\u00e1scaras separadoras y distanciadores<\/strong>\u00bb termopl\u00e1sticos a medida para la colocaci\u00f3n de redes secas complejas.<\/span><\/p>\n<p style=\"text-align: center;\"><span style=\"color: #ffffff;\">\u2666\u2666\u2666 Fabricados por mecanizado o corte de materiales pl\u00e1sticos \u2666\u2666\u2666\u2666\u2666\u2666\u2666\u2666\u2666\u2666\u2666.<\/span><\/p>\n<p style=\"text-align: center;\"><span style=\"color: #ffffff;\">\u2666\u2666\u2666 PVC, PP o PE \u2666\u2666\u2666\u2666<\/span><\/p>\n<p>[\/vc_column_text][\/vc_column_inner][\/vc_row_inner][\/vc_column][\/vc_row][vc_row][vc_column][vc_column_text].[\/vc_column_text][\/vc_column][\/vc_row]<\/p>\n<\/div>","protected":false},"excerpt":{"rendered":"<p>[vc_row full_width=\u00bbstretch_row_content\u00bb css=\u00bb.vc_custom_1711103769679{padding-bottom: 20px !important;}\u00bb][vc_column css=\u00bb.vc_custom_1695393385700{padding-top: 0px !important;padding-bottom: 0px !important;}\u00bb][vc_column_text css_animation=\u00bbbounceIn\u00bb css=\u00bb.vc_custom_1711110477453{padding-top: 50px !important;padding-right: 10px !important;padding-bottom: 50px !important;padding-left: 10px !important;}\u00bb] Comaplex Pl\u00e1sticos dispone de 4 marcas propias productos estrella de su gama industrial: [\/vc_column_text][vc_row_inner css=\u00bb.vc_custom_1710851337958{padding-top: 0px !important;padding-bottom: 0px !important;background-image: url(https:\/\/www.comaplex-plastique.fr\/wp-content\/uploads\/2024\/03\/GreyRed-Range.jpg?id=9614) !important;background-position: center !important;background-repeat: no-repeat !important;background-size: cover !important;}\u00bb][vc_column_inner width=\u00bb1\/2&#8243; css=\u00bb.vc_custom_1710489011214{background-image: url(https:\/\/www.comaplex-plastique.fr\/wp-content\/uploads\/2024\/03\/BG-Grey2024-scaled.jpg?id=9457) !important;background-position: center !important;background-repeat: no-repeat !important;background-size:&hellip;<\/p>\n","protected":false},"author":2,"featured_media":0,"parent":0,"menu_order":0,"comment_status":"closed","ping_status":"closed","template":"","meta":{"cybocfi_hide_featured_image":"","footnotes":""},"class_list":["post-8582","page","type-page","status-publish","hentry","description-off"],"_links":{"self":[{"href":"https:\/\/www.comaplex-plastique.fr\/es\/wp-json\/wp\/v2\/pages\/8582","targetHints":{"allow":["GET"]}}],"collection":[{"href":"https:\/\/www.comaplex-plastique.fr\/es\/wp-json\/wp\/v2\/pages"}],"about":[{"href":"https:\/\/www.comaplex-plastique.fr\/es\/wp-json\/wp\/v2\/types\/page"}],"author":[{"embeddable":true,"href":"https:\/\/www.comaplex-plastique.fr\/es\/wp-json\/wp\/v2\/users\/2"}],"replies":[{"embeddable":true,"href":"https:\/\/www.comaplex-plastique.fr\/es\/wp-json\/wp\/v2\/comments?post=8582"}],"version-history":[{"count":0,"href":"https:\/\/www.comaplex-plastique.fr\/es\/wp-json\/wp\/v2\/pages\/8582\/revisions"}],"wp:attachment":[{"href":"https:\/\/www.comaplex-plastique.fr\/es\/wp-json\/wp\/v2\/media?parent=8582"}],"curies":[{"name":"wp","href":"https:\/\/api.w.org\/{rel}","templated":true}]}}